{"id":276,"date":"2024-04-23T16:16:08","date_gmt":"2024-04-23T21:16:08","guid":{"rendered":"https:\/\/prysmadmkt.com\/preguntas-frecuentes\/"},"modified":"2024-09-09T18:25:42","modified_gmt":"2024-09-09T23:25:42","slug":"preguntas-frecuentes","status":"publish","type":"page","link":"https:\/\/prysmadmkt.com\/es\/preguntas-frecuentes\/","title":{"rendered":"Preguntas Frecuentes"},"content":{"rendered":"\n<section>\n  <div class=\"container\">\n    <div class=\"row align-items-center\">\n      <div class=\"col-lg-6 col-md-12\">\n          <div class=\"theme-title pt-0 pb-5 px-5 mb-0\">\n          <h6>Preguntas Frecuentes<\/h6>\n          <h2>Preguntas Populares<\/h2>\n        <\/div>\n        <img decoding=\"async\" class=\"img-fluid rounded\" src=\"https:\/\/prysmadmkt.com\/wp-content\/themes\/prysmadmkt\/images\/about\/04.png\" alt=\"Preguntas Frecuentes\"\/>\n      <\/div>\n      <div class=\"col-lg-6 col-md-12 mt-6 mt-lg-0 ps-lg-10\">\n        <div class=\"accordion\" id=\"accordion\">\n          <div class=\"accordion-item\">\n            <h3 class=\"accordion-header\" id=\"heading1\">\n              <button class=\"accordion-button shadow-none mb-0 bg-transparent\" type=\"button\" data-bs-toggle=\"collapse\" data-bs-target=\"#collapse1\" aria-expanded=\"true\" aria-controls=\"collapse1\">\u00bfPor qu\u00e9 deber\u00eda elegir Prysma Marketing Digital?<\/button>\n            <\/h3>\n            <div id=\"collapse1\" class=\"accordion-collapse border-0 collapse show\" aria-labelledby=\"heading1\" data-bs-parent=\"#accordion\" style=\"\">\n              <div class=\"accordion-body\">Opte por PRYSMA Digital Marketing para soluciones personalizadas que impulsen el \u00e9xito. Con una gama de servicios, estrategias innovadoras y experiencia comprobada, estamos comprometidos con su crecimiento. Nuestro enfoque centrado en el cliente y nuestro enfoque impulsado por los resultados garantizan que est\u00e9 en manos capaces. Elevemos juntos su presencia digital.<\/div>\n            <\/div>\n          <\/div>\n          <div class=\"accordion-item\">\n            <h3 class=\"accordion-header\" id=\"heading2\">\n              <button class=\"accordion-button shadow-none mb-0 bg-transparent collapsed\" type=\"button\" data-bs-toggle=\"collapse\" data-bs-target=\"#collapse2\" aria-expanded=\"false\" aria-controls=\"collapse2\"> \u00bfQu\u00e9 servicios de marketing digital ofrecen?<\/button>\n            <\/h3>\n            <div id=\"collapse2\" class=\"accordion-collapse border-0 collapse\" aria-labelledby=\"heading2\" data-bs-parent=\"#accordion\" style=\"\">\n              <div class=\"accordion-body\">Ofrecemos un conjunto completo de servicios de marketing digital dise\u00f1ados para satisfacer las necesidades de su negocio. Nuestros servicios incluyen optimizaci\u00f3n de motores de b\u00fasqueda (SEO), publicidad de pago por clic (PPC), marketing en redes sociales, marketing por correo electr\u00f3nico, marketing de contenidos, dise\u00f1o y desarrollo de sitios web, y m\u00e1s.<\/div>\n            <\/div>\n          <\/div>\n          <div class=\"accordion-item\">\n            <h3 class=\"accordion-header\" id=\"heading3\">\n              <button class=\"accordion-button shadow-none mb-0 bg-transparent collapsed\" type=\"button\" data-bs-toggle=\"collapse\" data-bs-target=\"#collapse3\" aria-expanded=\"false\" aria-controls=\"collapse3\">\u00bfC\u00f3mo puede el SEO beneficiar a mi negocio?<\/button>\n            <\/h3>\n            <div id=\"collapse3\" class=\"accordion-collapse border-0 collapse\" aria-labelledby=\"heading3\" data-bs-parent=\"#accordion\" style=\"\">\n              <div class=\"accordion-body\">El SEO, u optimizaci\u00f3n de motores de b\u00fasqueda, es crucial para mejorar la visibilidad de su sitio web en las p\u00e1ginas de resultados de los motores de b\u00fasqueda (SERP). Al optimizar el contenido, la estructura y los aspectos t\u00e9cnicos de su sitio web, ayudamos a aumentar su tr\u00e1fico org\u00e1nico, mejorar la visibilidad de la marca y generar m\u00e1s clientes potenciales y conversiones.<\/div>\n            <\/div>\n          <\/div>\n          <div class=\"accordion-item\">\n            <h3 class=\"accordion-header\" id=\"heading4\">\n              <button class=\"accordion-button shadow-none mb-0 bg-transparent collapsed\" type=\"button\" data-bs-toggle=\"collapse\" data-bs-target=\"#collapse4\" aria-expanded=\"false\" aria-controls=\"collapse4\">\u00bfC\u00f3mo puede el marketing en redes sociales ayudar a mi negocio?<\/button>\n            <\/h3>\n            <div id=\"collapse4\" class=\"accordion-collapse border-0 collapse\" aria-labelledby=\"heading4\" data-bs-parent=\"#accordion\" style=\"\">\n              <div class=\"accordion-body\">El marketing en redes sociales le permite conectarse e interactuar con su p\u00fablico objetivo en plataformas como Facebook, Instagram, Twitter y LinkedIn. Al crear contenido atractivo, fomentar la participaci\u00f3n de la comunidad y publicar anuncios dirigidos, ayudamos a aumentar el conocimiento de la marca, impulsar el tr\u00e1fico del sitio web y aumentar la participaci\u00f3n y la lealtad de los clientes.<\/div>\n            <\/div>\n          <\/div>\n          <div class=\"accordion-item\">\n            <h3 class=\"accordion-header\" id=\"heading5\">\n              <button class=\"accordion-button shadow-none mb-0 bg-transparent collapsed\" type=\"button\" data-bs-toggle=\"collapse\" data-bs-target=\"#collapse5\" aria-expanded=\"false\" aria-controls=\"collapse5\">\u00bfPor qu\u00e9 es importante el marketing de contenidos para mi negocio?<\/button>\n            <\/h3>\n            <div id=\"collapse5\" class=\"accordion-collapse border-0 collapse\" aria-labelledby=\"heading5\" data-bs-parent=\"#accordion\" style=\"\">\n              <div class=\"accordion-body\">El marketing de contenidos implica la creaci\u00f3n y distribuci\u00f3n de contenido valioso, relevante y consistente para atraer y retener una audiencia claramente definida. Ayuda a posicionar su marca como una autoridad de la industria, generar confianza con su audiencia e impulsar el compromiso y las conversiones. El marketing de contenidos eficaz tambi\u00e9n puede mejorar el SEO de su sitio web y su presencia general en l\u00ednea.<\/div>\n            <\/div>\n          <\/div>\n        <\/div>\n      <\/div>\n    <\/div>\n  <\/div>\n<\/section>\n","protected":false},"excerpt":{"rendered":"","protected":false},"author":1,"featured_media":1088,"parent":0,"menu_order":0,"comment_status":"closed","ping_status":"closed","template":"page-full.php","meta":{"_acf_changed":false,"footnotes":""},"class_list":["post-276","page","type-page","status-publish","has-post-thumbnail","hentry"],"acf":[],"aioseo_notices":[],"_links":{"self":[{"href":"https:\/\/prysmadmkt.com\/es\/wp-json\/wp\/v2\/pages\/276","targetHints":{"allow":["GET"]}}],"collection":[{"href":"https:\/\/prysmadmkt.com\/es\/wp-json\/wp\/v2\/pages"}],"about":[{"href":"https:\/\/prysmadmkt.com\/es\/wp-json\/wp\/v2\/types\/page"}],"author":[{"embeddable":true,"href":"https:\/\/prysmadmkt.com\/es\/wp-json\/wp\/v2\/users\/1"}],"replies":[{"embeddable":true,"href":"https:\/\/prysmadmkt.com\/es\/wp-json\/wp\/v2\/comments?post=276"}],"version-history":[{"count":2,"href":"https:\/\/prysmadmkt.com\/es\/wp-json\/wp\/v2\/pages\/276\/revisions"}],"predecessor-version":[{"id":439,"href":"https:\/\/prysmadmkt.com\/es\/wp-json\/wp\/v2\/pages\/276\/revisions\/439"}],"wp:featuredmedia":[{"embeddable":true,"href":"https:\/\/prysmadmkt.com\/es\/wp-json\/wp\/v2\/media\/1088"}],"wp:attachment":[{"href":"https:\/\/prysmadmkt.com\/es\/wp-json\/wp\/v2\/media?parent=276"}],"curies":[{"name":"wp","href":"https:\/\/api.w.org\/{rel}","templated":true}]}}