{"id":263,"date":"2024-02-06T14:11:02","date_gmt":"2024-02-06T19:11:02","guid":{"rendered":"https:\/\/prysmadmkt.com\/inicio\/"},"modified":"2024-09-09T18:27:37","modified_gmt":"2024-09-09T23:27:37","slug":"inicio","status":"publish","type":"page","link":"https:\/\/prysmadmkt.com\/es\/","title":{"rendered":"Inicio"},"content":{"rendered":"\n<section class=\"pt-0\">\n<div class=\"rocket-shade\">\n<img loading=\"lazy\" decoding=\"async\" class=\"img-fluid\" src=\"https:\/\/prysmadmkt.com\/wp-content\/themes\/prysmadmkt\/images\/shape-small-1.png\" alt=\"Rocket Shade\" width=\"257\" height=\"257\"\/>\n<\/div>\n   <div class=\"container\">\n    <div class=\"row justify-content-center text-center\">\n      <div class=\"col-lg-8 col-md-12\">\n        <div class=\"theme-title\">\n          <h6>Servicios<\/h6>\n          <h2>Optimice su presencia en l\u00ednea y maximice su ROI<\/h2>\n        <\/div>\n      <\/div>\n    <\/div>\n    <div class=\"row\">\n<div class=\"col-lg-4 col-md-6 mt-6 mt-lg-0\">\n        <div class=\"service-item style-3\">\n          <div class=\"service-icon\">\n                  <i class=\"flaticon flaticon-digital-marketing\"><\/i>\n                <\/div>\n          <div class=\"service-desc\">\n            <div class=\"service-title\">\n              <h4>Marketing Digital<\/h4>\n            <\/div>\n            <p>Desde la planificaci\u00f3n estrat\u00e9gica hasta la ejecuci\u00f3n, lo ayudaremos a llegar a su p\u00fablico objetivo, aumentar la visibilidad de la marca e impulsar las conversiones.<\/p>\n          <\/div>\n          <a class=\"arrow-btn\" href=\"https:\/\/prysmadmkt.com\/es\/marketing-digital\/\" title=\"Marketing Digital\">\n            <i class=\"bi bi-arrow-up-right\"><\/i>\n          <\/a>\n        <\/div>\n      <\/div>\n      <div class=\"col-lg-4 col-md-6\">\n        <div class=\"service-item style-3\">\n          <div class=\"service-icon\">\n                  <i class=\"flaticon flaticon-seo-3\"><\/i>\n                <\/div>\n          <div class=\"service-desc\">\n            <div class=\"service-title\">\n              <h4>Estrategias SEO<\/h4>\n            <\/div>\n            <p>Desde auditor\u00edas hasta construcci\u00f3n de enlaces, implementamos t\u00e1cticas comprobadas para mejorar su clasificaci\u00f3n de b\u00fasqueda y aumentar su presencia en l\u00ednea.<\/p>\n          <\/div>\n          <a class=\"arrow-btn\" href=\"https:\/\/prysmadmkt.com\/es\/servicios-seo\/\" title=\"Servicios SEO\">\n            <i class=\"bi bi-arrow-up-right\"><\/i>\n          <\/a>\n        <\/div>\n      <\/div>\n      <div class=\"col-lg-4 col-md-6 mt-6 mt-md-0\">\n        <div class=\"service-item style-3 service-active\">\n          <div class=\"service-icon\">\n                  <i class=\"flaticon flaticon-content-marketing\"><\/i>\n                <\/div>\n          <div class=\"service-desc\">\n            <div class=\"service-title\">\n              <h4>Estrategias SEM<\/h4>\n            <\/div>\n            <p>Nuestras campa\u00f1as de PPC est\u00e1n dise\u00f1adas para dirigirse a la audiencia adecuada en el momento adecuado, generando clientes potenciales calificados y brindando resultados mensurables para su negocio.<\/p>\n          <\/div>\n          <a class=\"arrow-btn\" href=\"https:\/\/prysmadmkt.com\/es\/servicios-sem\/\" title=\"Servicios SEM\">\n            <i class=\"bi bi-arrow-up-right\"><\/i>\n          <\/a>\n        <\/div>\n      <\/div>\n      <div class=\"col-lg-4 col-md-6 mt-6\">\n        <div class=\"service-item style-3\">\n          <div class=\"service-icon\">\n                  <i class=\"flaticon flaticon-email-2\"><\/i>\n                <\/div>\n          <div class=\"service-desc\">\n            <div class=\"service-title\">\n              <h4>Email Marketing<\/h4>\n            <\/div>\n            <p>Desde la elaboraci\u00f3n de campa\u00f1as atractivas hasta la entrega de mensajes espec\u00edficos, lo ayudaremos a atraer, nutrir y convertir clientes potenciales en leales.<\/p>\n          <\/div>\n          <a class=\"arrow-btn\" href=\"https:\/\/prysmadmkt.com\/es\/email-marketing\/\" title=\"Email Marketing\">\n            <i class=\"bi bi-arrow-up-right\"><\/i>\n          <\/a>\n        <\/div>\n      <\/div>\n      <div class=\"col-lg-4 col-md-6 mt-6\">\n        <div class=\"service-item style-3\">\n          <div class=\"service-icon\">\n                  <i class=\"flaticon flaticon-laptop\"><\/i>\n                <\/div>\n          <div class=\"service-desc\">\n            <div class=\"service-title\">\n              <h4>Marketing en Redes Sociales<\/h4>\n            <\/div>\n            <p>Nuestros servicios de marketing en redes sociales incluyen planificaci\u00f3n estrat\u00e9gica, creaci\u00f3n de contenido y gesti\u00f3n de anuncios en varias plataformas.<\/p>\n          <\/div>\n          <a class=\"arrow-btn\" href=\"https:\/\/prysmadmkt.com\/es\/marketing-redes-sociales\/\" title=\"Marketing en Redes Sociales\">\n            <i class=\"bi bi-arrow-up-right\"><\/i>\n          <\/a>\n        <\/div>\n      <\/div>\n      <div class=\"col-lg-4 col-md-6 mt-6\">\n        <div class=\"service-item style-3\">\n          <div class=\"service-icon\">\n                  <i class=\"flaticon flaticon-web-page\"><\/i>\n                <\/div>\n          <div class=\"service-desc\">\n            <div class=\"service-title\">\n              <h4>Desarrollo Sitios Web<\/h4>\n            <\/div>\n            <p>Cree un sitio web f\u00e1cil de usar y visualmente atractivo que refleje su marca y convierta a los visitantes en clientes.<\/p>\n          <\/div>\n          <a class=\"arrow-btn\" href=\"https:\/\/prysmadmkt.com\/es\/desarrollo-sitios-web\/\" title=\"Desarrollo Sitios Web\">\n            <i class=\"bi bi-arrow-up-right\"><\/i>\n          <\/a>\n        <\/div>\n      <\/div>\n    <\/div>\n  <\/div>\n<\/section>\n\n\n\n<section class=\"light-bg\">\n  <div class=\"container\">\n    <div class=\"row align-items-center\">\n      <div class=\"col-lg-6 col-md-12\">\n        <div class=\"theme-title mb-4\">\n          <h6>Sobre Nosotros<\/h6>\n          <h2>Como podemos ayudarle a crecer su negocio<\/h2>\n          <p>Ya sea que est\u00e9 buscando aumentar el tr\u00e1fico de su sitio web, generar m\u00e1s clientes potenciales o mejorar su visibilidad en l\u00ednea, estamos aqu\u00ed para ayudarlo a alcanzar sus objetivos. Nuestro equipo de expertos trabajar\u00e1 estrechamente con usted para desarrollar estrategias personalizadas que brinden resultados mensurables.<\/p>\n        <\/div>\n        <ul class=\"list-unstyled list-icon style-2\">\n          <li>\n            <i class=\"flaticon flaticon-check-mark\"><\/i> Aumente la visibilidad y la clasificaci\u00f3n de su sitio web en los motores de b\u00fasqueda con nuestros servicios expertos de SEO.\n          <\/li>\n          <li>\n            <i class=\"flaticon flaticon-check-mark\"><\/i> Maximice sus esfuerzos de publicidad online con nuestras soluciones SEM.\n          <\/li>\n          <li>\n            <i class=\"flaticon flaticon-check-mark\"><\/i> Nuestros servicios de marketing en redes sociales incluyen planificaci\u00f3n estrat\u00e9gica, creaci\u00f3n de contenido y gesti\u00f3n de anuncios en varias plataformas.\n          <\/li>\n          <li>\n            <i class=\"flaticon flaticon-check-mark\"><\/i> Creamos un sitio web f\u00e1cil de usar y visualmente atractivo que refleje su marca y convierta a los visitantes en clientes.\n          <\/li>\n        <\/ul>\n<a class=\"themeht-btn primary-btn mt-5\" href=\"https:\/\/prysmadmkt.com\/contacto\/\">\n                    <span>Asesor\u00eda Gratuita<\/span>\n                    <i class=\"bi bi-arrow-right\"><\/i>\n                  <\/a>\n      <\/div>\n      <div class=\"col-lg-6 col-md-12 mt-6 mt-lg-0 ps-lg-10\">\n        <div class=\"row\">\n          <div class=\"col-sm-6\">\n            <div class=\"counter grediant-bg2 text-white\">\n              <div class=\"counter-icon\">\n                <i class=\"flaticon flaticon-project-management\"><\/i>\n              <\/div>\n              <div class=\"counter-desc\">\n                <span>300+<\/span>\n                <h5>Proyectos<\/h5>\n              <\/div>\n            <\/div>\n          <\/div>\n          <div class=\"col-sm-6 mt-5\">\n            <div class=\"counter white-bg\">\n              <div class=\"counter-icon\">\n                <i class=\"flaticon flaticon-results\"><\/i>\n              <\/div>\n              <div class=\"counter-desc\">\n                <span>100%<\/span>\n                <h5>Tasa de \u00c9xito<\/h5>\n              <\/div>\n            <\/div>\n          <\/div>\n          <div class=\"col-sm-6 mt-5 mt-sm-0\">\n            <div class=\"counter white-bg\">\n              <div class=\"counter-icon\">\n                <i class=\"flaticon flaticon-award\"><\/i>\n              <\/div>\n              <div class=\"counter-desc\">\n                <span>20+<\/span>\n                <h5>Certificaciones<\/h5>\n              <\/div>\n            <\/div>\n          <\/div>\n          <div class=\"col-sm-6 mt-5\">\n            <div class=\"counter grediant-bg3 text-white\">\n              <div class=\"counter-icon\">\n                <i class=\"flaticon flaticon-write-review\"><\/i>\n              <\/div>\n              <div class=\"counter-desc\">\n                <span>150+<\/span>\n                <h5>Clientes Felices<\/h5>\n              <\/div>\n            <\/div>\n          <\/div>\n        <\/div>\n      <\/div>\n    <\/div>\n  <\/div>\n<\/section>\n\n\n\n<section class=\"step-process-area position-relative\">\n  <div class=\"container\">\n    <div class=\"row\">\n      <div class=\"col-lg-3 col-md-6\">\n        <div class=\"step-item style-1 text-white\">\n          <div class=\"step-icon\">\n            <i class=\"flaticon flaticon-search-analysis\"><\/i>\n          <\/div>\n          <h4>Investigar<\/h4>\n          <p class=\"mb-0\">Descubra palabras clave relevantes y analice las estrategias de la competencia.<\/p>\n          <span>1er paso<\/span>\n        <\/div>\n      <\/div>\n      <div class=\"col-lg-3 col-md-6 mt-6 mt-md-0\">\n        <div class=\"step-item style-1 text-white step-bg\">\n          <div class=\"step-icon\">\n            <i class=\"flaticon flaticon-market-analysis\"><\/i>\n          <\/div>\n          <h4>Personalizar<\/h4>\n          <p class=\"mb-0\">Adapte el sitio web y el contenido a las palabras clave y la audiencia elegidas.<\/p>\n          <span>2do paso<\/span>\n        <\/div>\n      <\/div>\n      <div class=\"col-lg-3 col-md-6 mt-6 mt-lg-0\">\n        <div class=\"step-item style-1 text-white\">\n          <div class=\"step-icon\">\n            <i class=\"flaticon flaticon-target\"><\/i>\n          <\/div>\n          <h4>Apuntar<\/h4>\n          <p class=\"mb-0\">Centrar la publicidad en palabras clave y datos demogr\u00e1ficos espec\u00edficos.<\/p>\n          <span>3er paso<\/span>\n        <\/div>\n      <\/div>\n      <div class=\"col-lg-3 col-md-6 mt-6 mt-lg-0\">\n        <div class=\"step-item style-1 text-white step-bg\">\n          <div class=\"step-icon\">\n            <i class=\"flaticon flaticon-results\"><\/i>\n          <\/div>\n          <h4>Resultados<\/h4>\n          <p class=\"mb-0\">Realice un seguimiento del rendimiento y ajuste las estrategias para obtener resultados \u00f3ptimos.<\/p>\n          <span>4to paso<\/span>\n        <\/div>\n      <\/div>\n    <\/div>\n  <\/div>\n  <div class=\"dark-bg ht-bg-move\"><\/div>\n<\/section>\n\n\n\n<section class=\"light-bg\">\n  <div class=\"container\">\n<div class=\"row justify-content-center text-center\">\n      <div class=\"col-lg-8 col-md-12\">\n        <div class=\"theme-title\">\n          <h6>Como Funciona<\/h6>\n          <h2>Ayudando a Tener \u00c9xito<\/h2>\n        <\/div>\n      <\/div>\n    <\/div>\n    <div class=\"row\">\n      <div class=\"col\">\n        <div class=\"tab style-2\">\n          <!-- Nav tabs -->\n          <nav>\n            <div class=\"nav nav-tabs\" id=\"nav-tab\" role=\"tablist\">\n              <a class=\"nav-item nav-link active\" id=\"nav-tab1\" data-bs-toggle=\"tab\" href=\"#tab1-1\" role=\"tab\" aria-selected=\"false\" tabindex=\"-1\">Marketing<\/a>\n              <a class=\"nav-item nav-link\" id=\"nav-tab2\" data-bs-toggle=\"tab\" href=\"#tab1-2\" role=\"tab\" aria-selected=\"false\" tabindex=\"-1\">Planificaci\u00f3n<\/a>\n              <a class=\"nav-item nav-link\" id=\"nav-tab3\" data-bs-toggle=\"tab\" href=\"#tab1-3\" role=\"tab\" aria-selected=\"false\" tabindex=\"-1\">An\u00e1lisis<\/a>\n              <a class=\"nav-item nav-link\" id=\"nav-tab4\" data-bs-toggle=\"tab\" href=\"#tab1-4\" role=\"tab\" aria-selected=\"true\">Estrategia<\/a>\n            <\/div>\n          <\/nav>\n          <!-- Tab panes -->\n          <div class=\"tab-content\" id=\"nav-tabContent\">\n            <div role=\"tabpanel\" class=\"tab-pane fade active show\" id=\"tab1-1\" aria-labelledby=\"nav-tab1\">\n              <div class=\"row align-items-center\">\n                <div class=\"col-lg-6 col-md-12\">\n                  <img decoding=\"async\" class=\"img-fluid\" src=\"https:\/\/prysmadmkt.com\/wp-content\/themes\/prysmadmkt\/images\/tab\/01.png\" alt=\"Marketing Digital\"\/>\n                <\/div>\n                <div class=\"col-lg-6 col-md-12 ps-lg-8 mt-5 mt-lg-0\">\n                  <p class=\"mb-3\"><span class=\"text-success\">La elaboraci\u00f3n de una campa\u00f1a digital exitosa<\/span> comienza con contenido atractivo y adaptado a su audiencia. Nos especializamos en crear publicaciones de blog atractivas, actualizaciones de redes sociales y boletines informativos por correo electr\u00f3nico. La implementaci\u00f3n de campa\u00f1as espec\u00edficas en m\u00faltiples canales garantiza la m\u00e1xima visibilidad. Enfocados en la consistencia de la marca y la optimizaci\u00f3n de la conversi\u00f3n, impulsamos acciones alineadas con tus objetivos.<\/p>\n                  <ul class=\"list-unstyled list-icon style-2 mb-4\">\n                    <li>\n                      <i class=\"flaticon flaticon-check-mark\"><\/i>Publicaciones de blog personalizadas, actualizaciones de redes sociales y boletines informativos por correo electr\u00f3nico.\n                    <\/li>\n                    <li>\n                      <i class=\"flaticon flaticon-check-mark\"><\/i>Campa\u00f1as dirigidas implementadas en redes sociales, motores de b\u00fasqueda y anuncios gr\u00e1ficos.\n                    <\/li>\n                    <li>\n                      <i class=\"flaticon flaticon-check-mark\"><\/i>\u00c9nfasis en la coherencia de la marca y la optimizaci\u00f3n de la conversi\u00f3n para acciones significativas.\n                    <\/li>\n                    <li>\n                      <i class=\"flaticon flaticon-check-mark\"><\/i>Maximizar la visibilidad y el impacto a trav\u00e9s de la distribuci\u00f3n estrat\u00e9gica de contenidos.\n                    <\/li>\n                  <\/ul>\n                  <a class=\"themeht-btn primary-btn\" href=\"#\">\n                    <span>Explora m\u00e1s<\/span>\n                    <i class=\"bi bi-arrow-right\"><\/i>\n                  <\/a>\n                <\/div>\n              <\/div>\n            <\/div>\n            <div role=\"tabpanel\" class=\"tab-pane fade\" id=\"tab1-2\" aria-labelledby=\"nav-tab2\">\n              <div class=\"row align-items-center\">\n                <div class=\"col-lg-6 col-md-12\">\n                  <img decoding=\"async\" class=\"img-fluid\" src=\"https:\/\/prysmadmkt.com\/wp-content\/themes\/prysmadmkt\/images\/tab\/02.png\" alt=\"\"\/>\n                <\/div>\n                <div class=\"col-lg-6 col-md-12 ps-lg-8 mt-5 mt-lg-0\">\n                  <p class=\"mb-3\"><span class=\"text-success\">La planificaci\u00f3n eficaz es crucial para un \u00e9xito<\/span> campa\u00f1a digital. Comenzamos con una investigaci\u00f3n exhaustiva para comprender su industria, sus competidores y su audiencia. Los cronogramas detallados y la asignaci\u00f3n presupuestaria garantizan una ejecuci\u00f3n coordinada. Maximizar el impacto minimizando las incertidumbres a trav\u00e9s de la planificaci\u00f3n estrat\u00e9gica.<\/p>\n                  <ul class=\"list-unstyled list-icon style-2 mb-4\">\n                    <li>\n                      <i class=\"flaticon flaticon-check-mark\"><\/i>Investigaci\u00f3n exhaustiva de la industria, la competencia y la audiencia.\n                    <\/li>\n                    <li>\n                      <i class=\"flaticon flaticon-check-mark\"><\/i>Cronogramas detallados y cronogramas de proyectos para una ejecuci\u00f3n perfecta.\n                    <\/li>\n                    <li>\n                      <i class=\"flaticon flaticon-check-mark\"><\/i>Asignaci\u00f3n presupuestaria estrat\u00e9gica y mitigaci\u00f3n de riesgos para lograr el m\u00e1ximo impacto.\n                    <\/li>\n                    <li>\n                      <i class=\"flaticon flaticon-check-mark\"><\/i>Minimizar las incertidumbres mediante la planificaci\u00f3n estrat\u00e9gica y la gesti\u00f3n de riesgos.\n                    <\/li>\n                  <\/ul>\n                  <a class=\"themeht-btn primary-btn\" href=\"#\">\n                    <span>Explora m\u00e1s<\/span>\n                    <i class=\"bi bi-arrow-right\"><\/i>\n                  <\/a>\n                <\/div>\n              <\/div>\n            <\/div>\n            <div role=\"tabpanel\" class=\"tab-pane fade\" id=\"tab1-3\" aria-labelledby=\"nav-tab3\">\n              <div class=\"row align-items-center\">\n                <div class=\"col-lg-6 col-md-12\">\n                  <img decoding=\"async\" class=\"img-fluid\" src=\"https:\/\/prysmadmkt.com\/wp-content\/themes\/prysmadmkt\/images\/tab\/03.png\" alt=\"\"\/>\n                <\/div>\n                <div class=\"col-lg-6 col-md-12 ps-lg-8 mt-5 mt-lg-0\">\n                  <p class=\"mb-3\"><span class=\"text-success\">Los conocimientos basados en datos son cruciales para la optimizar<\/span> su campa\u00f1a y maximizar el ROI. Recopilamos y analizamos datos de m\u00faltiples fuentes, incluidos de sitios web y redes sociales. Al identificar los KPI y generar informaci\u00f3n valiosa, entendemos su presencia digital y el comportamiento de su audiencia. El seguimiento y el refinamiento continuos impulsan la mejora continua.<\/p>\n                  <ul class=\"list-unstyled list-icon style-2 mb-4\">\n                    <li>\n                      <i class=\"flaticon flaticon-check-mark\"><\/i>Recopilaci\u00f3n y an\u00e1lisis de datos de diversas fuentes, incluidos an\u00e1lisis de sitios web y redes sociales.\n                    <\/li>\n                    <li>\n                      <i class=\"flaticon flaticon-check-mark\"><\/i>Identificaci\u00f3n de indicadores clave de desempe\u00f1o (KPI) y generaci\u00f3n de insights valiosos.\n                    <\/li>\n                    <li>\n                      <i class=\"flaticon flaticon-check-mark\"><\/i>Seguimiento y refinamiento continuos para garantizar la mejora continua.\n                    <\/li>\n                    <li>\n                      <i class=\"flaticon flaticon-check-mark\"><\/i>Aprovechar los datos para tomar decisiones informadas y optimizar el rendimiento de la campa\u00f1a.\n                    <\/li>\n                  <\/ul>\n                  <a class=\"themeht-btn primary-btn\" href=\"#\">\n                    <span>Explora m\u00e1s<\/span>\n                    <i class=\"bi bi-arrow-right\"><\/i>\n                  <\/a>\n                <\/div>\n              <\/div>\n            <\/div>\n            <div role=\"tabpanel\" class=\"tab-pane fade\" id=\"tab1-4\" aria-labelledby=\"nav-tab4\">\n              <div class=\"row align-items-center\">\n                <div class=\"col-lg-6 col-md-12\">\n                  <img decoding=\"async\" class=\"img-fluid\" src=\"https:\/\/prysmadmkt.com\/wp-content\/themes\/prysmadmkt\/images\/tab\/04.png\" alt=\"\"\/>\n                <\/div>\n                <div class=\"col-lg-6 col-md-12 ps-lg-8 mt-5 mt-lg-0\">\n                  <p class=\"mb-3\"><span class=\"text-success\">Una estrategia bien definida es clave<\/span> para el \u00e9xito del marketing digital. Colaboramos para establecer metas claras y medibles alineadas con sus objetivos comerciales. A trav\u00e9s de la segmentaci\u00f3n de audiencia, enfoques multicanal y una adaptaci\u00f3n \u00e1gil, aseguramos relevancia y efectividad en el din\u00e1mico panorama digital. Nuestro compromiso con estos principios garantiza el \u00e9xito de la campa\u00f1a a largo plazo.<\/p>\n                  <ul class=\"list-unstyled list-icon style-2 mb-4\">\n                    <li>\n                      <i class=\"flaticon flaticon-check-mark\"><\/i>Colaboraci\u00f3n para establecer metas claras y medibles alineadas con los objetivos de negocio.\n                    <\/li>\n                    <li>\n                      <i class=\"flaticon flaticon-check-mark\"><\/i>Segmentaci\u00f3n de audiencia y enfoques multicanal para lograr el m\u00e1ximo impacto.\n                    <\/li>\n                    <li>\n                      <i class=\"flaticon flaticon-check-mark\"><\/i>Mentalidad \u00e1gil y adaptaci\u00f3n continua a las condiciones cambiantes del mercado.\n                    <\/li>\n                    <li>\n                      <i class=\"flaticon flaticon-check-mark\"><\/i>Compromiso con la alineaci\u00f3n de objetivos, la segmentaci\u00f3n de audiencias, el enfoque multicanal y la adaptaci\u00f3n \u00e1gil para un \u00e9xito sostenido.\n                    <\/li>\n                  <\/ul>\n                  <a class=\"themeht-btn primary-btn\" href=\"#\">\n                    <span>Explora m\u00e1s<\/span>\n                    <i class=\"bi bi-arrow-right\"><\/i>\n                  <\/a>\n                <\/div>\n              <\/div>\n            <\/div>\n          <\/div>\n        <\/div>\n      <\/div>\n    <\/div>\n  <\/div>\n<\/section>\n","protected":false},"excerpt":{"rendered":"","protected":false},"author":1,"featured_media":1035,"parent":0,"menu_order":0,"comment_status":"closed","ping_status":"closed","template":"page-home.php","meta":{"_acf_changed":false,"footnotes":""},"class_list":["post-263","page","type-page","status-publish","has-post-thumbnail","hentry"],"acf":[],"aioseo_notices":[],"_links":{"self":[{"href":"https:\/\/prysmadmkt.com\/es\/wp-json\/wp\/v2\/pages\/263","targetHints":{"allow":["GET"]}}],"collection":[{"href":"https:\/\/prysmadmkt.com\/es\/wp-json\/wp\/v2\/pages"}],"about":[{"href":"https:\/\/prysmadmkt.com\/es\/wp-json\/wp\/v2\/types\/page"}],"author":[{"embeddable":true,"href":"https:\/\/prysmadmkt.com\/es\/wp-json\/wp\/v2\/users\/1"}],"replies":[{"embeddable":true,"href":"https:\/\/prysmadmkt.com\/es\/wp-json\/wp\/v2\/comments?post=263"}],"version-history":[{"count":7,"href":"https:\/\/prysmadmkt.com\/es\/wp-json\/wp\/v2\/pages\/263\/revisions"}],"predecessor-version":[{"id":352,"href":"https:\/\/prysmadmkt.com\/es\/wp-json\/wp\/v2\/pages\/263\/revisions\/352"}],"wp:featuredmedia":[{"embeddable":true,"href":"https:\/\/prysmadmkt.com\/es\/wp-json\/wp\/v2\/media\/1035"}],"wp:attachment":[{"href":"https:\/\/prysmadmkt.com\/es\/wp-json\/wp\/v2\/media?parent=263"}],"curies":[{"name":"wp","href":"https:\/\/api.w.org\/{rel}","templated":true}]}}