{"id":252,"date":"2024-02-06T14:11:45","date_gmt":"2024-02-06T19:11:45","guid":{"rendered":"https:\/\/prysmadmkt.com\/marketing-redes-sociales\/"},"modified":"2024-09-09T18:54:46","modified_gmt":"2024-09-09T23:54:46","slug":"marketing-redes-sociales","status":"publish","type":"page","link":"https:\/\/prysmadmkt.com\/es\/marketing-redes-sociales\/","title":{"rendered":"Marketing en Redes Sociales"},"content":{"rendered":"\n<h3 class=\"wp-block-heading\">Aproveche el poder del marketing en redes sociales<\/h3>\n\n<p class=\"ht-first-letter\">En PRYSMA, nuestro enfoque de marketing en redes sociales es inigualable. Combinamos creatividad con estrategias basadas en datos para cautivar a su audiencia y generar una interacci\u00f3n significativa. Desde la creaci\u00f3n de contenido atractivo hasta la gesti\u00f3n estrat\u00e9gica de la comunidad, fomentamos conexiones genuinas que elevan su marca e impulsan el crecimiento en la esfera digital.  <\/p>\n\n<p>Conecta con tu audiencia y haz crecer tu marca. Nuestros servicios de marketing en redes sociales incluyen planificaci\u00f3n estrat\u00e9gica, creaci\u00f3n de contenido y gesti\u00f3n de anuncios en varias plataformas.<\/p>\n\n<div class=\"row mt-5\">\n          <div class=\"col-md-6\">\n            <ul class=\"list-unstyled list-icon style-2\">\n              <li>\n                <i class=\"flaticon flaticon-check-mark\"><\/i>Con\u00e9ctate con tu audiencia y haz crecer tu marca en las redes sociales. <\/li>\n              <li>\n                <i class=\"flaticon flaticon-check-mark\"><\/i>Con\u00e9ctate con tu audiencia y haz crecer tu marca en las redes sociales. <\/li>\n              <li>\n                <i class=\"flaticon flaticon-check-mark\"><\/i>Cree contenido atractivo que tenga eco en su audiencia. <\/li>\n              <li>\n                <i class=\"flaticon flaticon-check-mark\"><\/i>Dise\u00f1e una estrategia integral para su presencia en l\u00ednea. <\/li>\n              <li>\n                <i class=\"flaticon flaticon-check-mark\"><\/i>Crea, publica e interact\u00faa con tu audiencia en diferentes plataformas. <\/li>\n              <li>\n            <\/li><\/ul>\n          <\/div>\n          <div class=\"col-md-6 mt-3 mt-md-0\">\n            <ul class=\"list-unstyled list-icon style-2\">\n              <li>\n                <i class=\"flaticon flaticon-check-mark\"><\/i>Supervise el rendimiento de las redes sociales y optimice la estrategia. <\/li>\n              <li>\n                <i class=\"flaticon flaticon-check-mark\"><\/i>Adapte el contenido a las preferencias e intereses de su audiencia. <\/li>\n              <li>\n                <i class=\"flaticon flaticon-check-mark\"><\/i>Interact\u00fae con su audiencia para construir relaciones y generar resultados. <\/li>\n              <li>\n                <i class=\"flaticon flaticon-check-mark\"><\/i>Utilice an\u00e1lisis para obtener informaci\u00f3n y perfeccionar la estrategia. <\/li>\n              <li>\n                <i class=\"flaticon flaticon-check-mark\"><\/i>Impulse la participaci\u00f3n y el crecimiento a trav\u00e9s de la planificaci\u00f3n estrat\u00e9gica y la creaci\u00f3n de contenido. <\/li>\n            <\/ul>\n          <\/div>\n        <\/div>\n\n<div class=\"row my-7\">\n          <div class=\"col-md-6\">\n            <div class=\"featured-item style-2\">\n              <div class=\"featured-item-top d-sm-flex align-items-center\">\n                <div class=\"featured-icon flex-shrink-0\">\n                  <img loading=\"lazy\" decoding=\"async\" width=\"104\" height=\"78\" class=\"img-fluid\" src=\"https:\/\/prysmadmkt.com\/wp-content\/themes\/prysmadmkt\/images\/feature\/04.png\" alt=\"Desarrollo de estrategia\"\/>\n                <\/div>\n                <div class=\"featured-title flex-grow-1\">\n                  <h4>Desarrollo de estrategia<\/h4>\n                <\/div>\n              <\/div>\n              <div class=\"featured-desc\">\n                <p>Desarrollamos una estrategia integral de redes sociales que abarque todos los aspectos de su presencia en l\u00ednea. Desde la planificaci\u00f3n de contenido hasta las t\u00e1cticas de interacci\u00f3n, creamos una hoja de ruta para el \u00e9xito que se alinea con sus objetivos comerciales. <\/p>\n              <\/div>\n            <\/div>\n          <\/div><div class=\"col-md-6 mt-5 mt-md-0\">\n            <div class=\"featured-item style-2\">\n              <div class=\"featured-item-top d-sm-flex align-items-center\">\n                <div class=\"featured-icon flex-shrink-0\">\n                  <img loading=\"lazy\" decoding=\"async\" width=\"104\" height=\"78\" class=\"img-fluid\" src=\"https:\/\/prysmadmkt.com\/wp-content\/themes\/prysmadmkt\/images\/feature\/01.png\" alt=\"Estrategia de redes sociales personalizada\"\/>\n                <\/div>\n                <div class=\"featured-title flex-grow-1\">\n                  <h4>Estrategia de redes sociales personalizada<\/h4>\n                <\/div>\n              <\/div>\n              <div class=\"featured-desc\">\n                <p>Desarrolle una estrategia de redes sociales personalizada que se alinee con sus objetivos comerciales y su p\u00fablico objetivo. Nuestros expertos analizan su industria, su p\u00fablico y sus objetivos para crear un plan personalizado que impulse la participaci\u00f3n y el crecimiento. <\/p>\n              <\/div>\n            <\/div>\n          <\/div><div class=\"col-md-6 mt-5\">\n            <div class=\"featured-item style-2\">\n              <div class=\"featured-item-top d-sm-flex align-items-center\">\n                <div class=\"featured-icon flex-shrink-0\">\n                  <img loading=\"lazy\" decoding=\"async\" width=\"104\" height=\"78\" class=\"img-fluid\" src=\"https:\/\/prysmadmkt.com\/wp-content\/themes\/prysmadmkt\/images\/feature\/06.png\" alt=\"Creaci\u00f3n de contenido de alta calidad\"\/>\n                <\/div>\n                <div class=\"featured-title flex-grow-1\">\n                  <h4>Creaci\u00f3n de contenido de alta calidad<\/h4>\n                <\/div>\n              <\/div>\n              <div class=\"featured-desc\">\n                <p>Cree contenido atractivo y cautivador que tenga eco en su audiencia en las redes sociales. Desde gr\u00e1ficos y videos hasta redacci\u00f3n de textos, nuestros servicios de creaci\u00f3n de contenido garantizan que su marca se destaque y genere resultados. <\/p>\n              <\/div>\n            <\/div>\n          <\/div>\n<div class=\"col-md-6 mt-5\">\n            <div class=\"featured-item style-2\">\n              <div class=\"featured-item-top d-sm-flex align-items-center\">\n                <div class=\"featured-icon flex-shrink-0\">\n                  <img loading=\"lazy\" decoding=\"async\" width=\"104\" height=\"78\" class=\"img-fluid\" src=\"https:\/\/prysmadmkt.com\/wp-content\/themes\/prysmadmkt\/images\/feature\/07.png\" alt=\"Creaci\u00f3n de contenido, publicaci\u00f3n y participaci\u00f3n\"\/>\n                <\/div>\n                <div class=\"featured-title flex-grow-1\">\n                  <h4>Creaci\u00f3n de contenido, publicaci\u00f3n y participaci\u00f3n<\/h4>\n                <\/div>\n              <\/div>\n              <div class=\"featured-desc\">\n                <p>Cree, publique e interact\u00fae con su audiencia en las plataformas de redes sociales. Nuestros servicios incluyen creaci\u00f3n de contenido, programaci\u00f3n, publicaci\u00f3n y participaci\u00f3n activa para construir relaciones y generar resultados. <\/p>\n              <\/div>\n            <\/div>\n <\/div>\n          <div class=\"col-md-6 mt-5\">\n            <div class=\"featured-item style-2\">\n              <div class=\"featured-item-top d-sm-flex align-items-center\">\n                <div class=\"featured-icon flex-shrink-0\">\n                  <img loading=\"lazy\" decoding=\"async\" width=\"104\" height=\"78\" class=\"img-fluid\" src=\"https:\/\/prysmadmkt.com\/wp-content\/themes\/prysmadmkt\/images\/feature\/05.png\" alt=\"Anuncios en redes sociales\"\/>\n                <\/div>\n                <div class=\"featured-title flex-grow-1\">\n                  <h4>Anuncios en redes sociales<\/h4>\n                <\/div>\n              <\/div>\n              <div class=\"featured-desc\">\n                <p>\u00abAumente el alcance de su marca con anuncios en redes sociales espec\u00edficos. Nuestras campa\u00f1as, dise\u00f1adas por expertos, garantizan que su mensaje llegue a la audiencia adecuada, lo que genera participaci\u00f3n, conversiones y crecimiento para su negocio. <\/p>\n              <\/div>\n            <\/div>\n          <\/div>\n          <div class=\"col-md-6 mt-5\">\n            <div class=\"featured-item style-2\">\n              <div class=\"featured-item-top d-sm-flex align-items-center\">\n                <div class=\"featured-icon flex-shrink-0\">\n                  <img loading=\"lazy\" decoding=\"async\" width=\"104\" height=\"78\" class=\"img-fluid\" src=\"https:\/\/prysmadmkt.com\/wp-content\/themes\/prysmadmkt\/images\/feature\/02.png\" alt=\"Analizar y optimizar\"\/>\n                <\/div>\n                <div class=\"featured-title flex-grow-1\">\n                  <h4>Analizar y optimizar<\/h4>\n                <\/div>\n              <\/div>\n              <div class=\"featured-desc\">\n                <p>Monitorea el rendimiento de tus redes sociales y optimiza tu estrategia para lograr el m\u00e1ximo impacto. Nuestras herramientas de an\u00e1lisis brindan informaci\u00f3n sobre tu audiencia, el rendimiento de tu contenido y la efectividad de tus campa\u00f1as, lo que nos permite refinar y mejorar continuamente tu presencia en las redes sociales. <\/p>\n              <\/div>\n            <\/div>\n          <\/div>\n          <\/div>\n","protected":false},"excerpt":{"rendered":"<p>Aproveche el poder del marketing en redes sociales En PRYSMA, nuestro enfoque de marketing en redes sociales es inigualable. Combinamos creatividad con estrategias basadas en datos para cautivar a su audiencia y generar una interacci\u00f3n significativa. Desde la creaci\u00f3n de contenido atractivo hasta la gesti\u00f3n estrat\u00e9gica de la comunidad, fomentamos conexiones genuinas que elevan su [&hellip;]<\/p>\n","protected":false},"author":1,"featured_media":481,"parent":0,"menu_order":0,"comment_status":"closed","ping_status":"closed","template":"page-services.php","meta":{"_acf_changed":false,"footnotes":""},"class_list":["post-252","page","type-page","status-publish","has-post-thumbnail","hentry"],"acf":[],"aioseo_notices":[],"_links":{"self":[{"href":"https:\/\/prysmadmkt.com\/es\/wp-json\/wp\/v2\/pages\/252","targetHints":{"allow":["GET"]}}],"collection":[{"href":"https:\/\/prysmadmkt.com\/es\/wp-json\/wp\/v2\/pages"}],"about":[{"href":"https:\/\/prysmadmkt.com\/es\/wp-json\/wp\/v2\/types\/page"}],"author":[{"embeddable":true,"href":"https:\/\/prysmadmkt.com\/es\/wp-json\/wp\/v2\/users\/1"}],"replies":[{"embeddable":true,"href":"https:\/\/prysmadmkt.com\/es\/wp-json\/wp\/v2\/comments?post=252"}],"version-history":[{"count":3,"href":"https:\/\/prysmadmkt.com\/es\/wp-json\/wp\/v2\/pages\/252\/revisions"}],"predecessor-version":[{"id":1096,"href":"https:\/\/prysmadmkt.com\/es\/wp-json\/wp\/v2\/pages\/252\/revisions\/1096"}],"wp:featuredmedia":[{"embeddable":true,"href":"https:\/\/prysmadmkt.com\/es\/wp-json\/wp\/v2\/media\/481"}],"wp:attachment":[{"href":"https:\/\/prysmadmkt.com\/es\/wp-json\/wp\/v2\/media?parent=252"}],"curies":[{"name":"wp","href":"https:\/\/api.w.org\/{rel}","templated":true}]}}