{"id":251,"date":"2024-02-06T14:11:38","date_gmt":"2024-02-06T19:11:38","guid":{"rendered":"https:\/\/prysmadmkt.com\/seo\/"},"modified":"2024-09-03T13:44:02","modified_gmt":"2024-09-03T18:44:02","slug":"servicios-seo","status":"publish","type":"page","link":"https:\/\/prysmadmkt.com\/es\/servicios-seo\/","title":{"rendered":"Servicios SEO"},"content":{"rendered":"\n<h3 class=\"wp-block-heading\">Aumente su visibilidad en l\u00ednea<\/h3>\n\n<p class=\"ht-first-letter\">Genere tr\u00e1fico org\u00e1nico con nuestras soluciones integrales de servicios de SEO. Desde auditor\u00edas hasta construcci\u00f3n de enlaces, implementamos t\u00e1cticas comprobadas para mejorar su clasificaci\u00f3n de b\u00fasqueda y aumentar su presencia en l\u00ednea.<\/p>\n\n<p>Nuestro enfoque de SEO es todo menos com\u00fan. Combinamos t\u00e9cnicas de vanguardia con informaci\u00f3n basada en datos para dise\u00f1ar una estrategia personalizada que tenga eco en su audiencia y supere a la competencia. Con un ojo atento al panorama de b\u00fasqueda en constante evoluci\u00f3n, nos adaptamos e innovamos continuamente para garantizar que su empresa se mantenga a la vanguardia en el \u00e1mbito digital.  <\/p>\n\n<div class=\"row mt-5\">\n          <div class=\"col-md-6\">\n            <ul class=\"list-unstyled list-icon style-2\">\n              <li>\n                <i class=\"flaticon flaticon-check-mark\"><\/i>Mejorar la clasificaci\u00f3n y la visibilidad en las b\u00fasquedas <\/li>\n              <li>\n                <i class=\"flaticon flaticon-check-mark\"><\/i>Analizar la estructura del sitio para optimizarlo <\/li>\n              <li>\n                <i class=\"flaticon flaticon-check-mark\"><\/i>Create content that resonates with your audience <\/li>\n              <li>\n                <i class=\"flaticon flaticon-check-mark\"><\/i>Garantizar la accesibilidad y facilidad de uso del sitio web <\/li>\n              <li>\n                <i class=\"flaticon flaticon-check-mark\"><\/i>Dirija tr\u00e1fico espec\u00edfico a su sitio web <\/li>\n              <li>\n            <\/li><\/ul>\n          <\/div>\n          <div class=\"col-md-6 mt-3 mt-md-0\">\n            <ul class=\"list-unstyled list-icon style-2\">\n              <li>\n                <i class=\"flaticon flaticon-check-mark\"><\/i>Establecer credibilidad de marca con enlaces autorizados <\/li>\n              <li>\n                <i class=\"flaticon flaticon-check-mark\"><\/i>Mant\u00e9ngase informado con informes de rendimiento peri\u00f3dicos <\/li>\n              <li>\n                <i class=\"flaticon flaticon-check-mark\"><\/i>Mejore la experiencia del usuario con una velocidad del sitio optimizada <\/li>\n              <li>\n                <i class=\"flaticon flaticon-check-mark\"><\/i>Alinee la estrategia de contenido con los objetivos comerciales <\/li>\n              <li>\n                <i class=\"flaticon flaticon-check-mark\"><\/i>Mejorar la seguridad y la confiabilidad del sitio web <\/li>\n            <\/ul>\n          <\/div>\n        <\/div>\n\n<div class=\"row my-7\">\n          <div class=\"col-md-6\">\n            <div class=\"featured-item style-2\">\n              <div class=\"featured-item-top d-sm-flex align-items-center\">\n                <div class=\"featured-icon flex-shrink-0\">\n                  <img loading=\"lazy\" decoding=\"async\" width=\"104\" height=\"78\" class=\"img-fluid\" src=\"https:\/\/prysmadmkt.com\/wp-content\/themes\/prysmadmkt\/images\/feature\/04.png\" alt=\"Auditor\u00eda de SEO\"\/>\n                <\/div>\n                <div class=\"featured-title flex-grow-1\">\n                  <h4>Auditor\u00eda de SEO<\/h4>\n                <\/div>\n              <\/div>\n              <div class=\"featured-desc\">\n                <p>Identifique \u00e1reas de mejora y optimice el rendimiento de su sitio web con nuestra exhaustiva auditor\u00eda de SEO. Nuestros expertos analizan aspectos clave como la estructura del sitio, el contenido y los elementos t\u00e9cnicos para descubrir oportunidades de mejora. <\/p>\n              <\/div>\n            <\/div>\n          <\/div><div class=\"col-md-6 mt-5 mt-md-0\">\n            <div class=\"featured-item style-2\">\n              <div class=\"featured-item-top d-sm-flex align-items-center\">\n                <div class=\"featured-icon flex-shrink-0\">\n                  <img loading=\"lazy\" decoding=\"async\" width=\"104\" height=\"78\" class=\"img-fluid\" src=\"https:\/\/prysmadmkt.com\/wp-content\/themes\/prysmadmkt\/images\/feature\/01.png\" alt=\"Investigaci\u00f3n de palabras clave\"\/>\n                <\/div>\n                <div class=\"featured-title flex-grow-1\">\n                  <h4>Investigaci\u00f3n de palabras clave<\/h4>\n                <\/div>\n              <\/div>\n              <div class=\"featured-desc\">\n                <p>Seleccione las palabras clave adecuadas para atraer a su p\u00fablico ideal y aumentar la visibilidad de su sitio web en los motores de b\u00fasqueda. Nuestros servicios de investigaci\u00f3n de palabras clave le ayudan a identificar palabras clave de alto valor y optimizar su estrategia de contenido para lograr el m\u00e1ximo impacto. <\/p>\n              <\/div>\n            <\/div>\n          <\/div><div class=\"col-md-6 mt-5\">\n            <div class=\"featured-item style-2\">\n              <div class=\"featured-item-top d-sm-flex align-items-center\">\n                <div class=\"featured-icon flex-shrink-0\">\n                  <img loading=\"lazy\" decoding=\"async\" width=\"104\" height=\"78\" class=\"img-fluid\" src=\"https:\/\/prysmadmkt.com\/wp-content\/themes\/prysmadmkt\/images\/feature\/06.png\" alt=\"Planificaci\u00f3n de contenidos\"\/>\n                <\/div>\n                <div class=\"featured-title flex-grow-1\">\n                  <h4>Planificaci\u00f3n de contenidos<\/h4>\n                <\/div>\n              <\/div>\n              <div class=\"featured-desc\">\n                <p>Desarrolle un plan de contenido estrat\u00e9gico que tenga eco en su p\u00fablico objetivo y se alinee con sus objetivos comerciales. Nuestros servicios de planificaci\u00f3n de contenido lo ayudan a crear contenido valioso y relevante que genere participaci\u00f3n y conversiones. <\/p>\n              <\/div>\n            <\/div>\n          <\/div>\n          <div class=\"col-md-6 mt-5\">\n            <div class=\"featured-item style-2\">\n              <div class=\"featured-item-top d-sm-flex align-items-center\">\n                <div class=\"featured-icon flex-shrink-0\">\n                  <img loading=\"lazy\" decoding=\"async\" width=\"104\" height=\"78\" class=\"img-fluid\" src=\"https:\/\/prysmadmkt.com\/wp-content\/themes\/prysmadmkt\/images\/feature\/05.png\" alt=\"Optimizaci\u00f3n del sitio\"\/>\n                <\/div>\n                <div class=\"featured-title flex-grow-1\">\n                  <h4>Optimizaci\u00f3n del sitio<\/h4>\n                <\/div>\n              <\/div>\n              <div class=\"featured-desc\">\n                <p>Optimice su sitio web para los motores de b\u00fasqueda y los usuarios con nuestros servicios de optimizaci\u00f3n de sitios. Desde optimizaci\u00f3n de motores de b\u00fasqueda en la p\u00e1gina hasta correcciones t\u00e9cnicas, nos aseguramos de que su sitio sea f\u00e1cilmente accesible, rastreable y f\u00e1cil de usar. <\/p>\n              <\/div>\n            <\/div>\n          <\/div>\n          <div class=\"col-md-6 mt-5\">\n            <div class=\"featured-item style-2\">\n              <div class=\"featured-item-top d-sm-flex align-items-center\">\n                <div class=\"featured-icon flex-shrink-0\">\n                  <img loading=\"lazy\" decoding=\"async\" width=\"104\" height=\"78\" class=\"img-fluid\" src=\"https:\/\/prysmadmkt.com\/wp-content\/themes\/prysmadmkt\/images\/feature\/02.png\" alt=\"Construcci\u00f3n de enlaces\"\/>\n                <\/div>\n                <div class=\"featured-title flex-grow-1\">\n                  <h4>Construcci\u00f3n de enlaces<\/h4>\n                <\/div>\n              <\/div>\n              <div class=\"featured-desc\">\n                <p>Genere v\u00ednculos de retroceso de calidad para aumentar la autoridad y la credibilidad de su sitio web a los ojos de los motores de b\u00fasqueda. Nuestras estrategias de creaci\u00f3n de v\u00ednculos se centran en la adquisici\u00f3n de v\u00ednculos relevantes y con autoridad que generen tr\u00e1fico org\u00e1nico y mejoren su clasificaci\u00f3n en las b\u00fasquedas. <\/p>\n              <\/div>\n            <\/div>\n          <\/div><div class=\"col-md-6 mt-5\">\n            <div class=\"featured-item style-2\">\n              <div class=\"featured-item-top d-sm-flex align-items-center\">\n                <div class=\"featured-icon flex-shrink-0\">\n                  <img loading=\"lazy\" decoding=\"async\" width=\"104\" height=\"78\" class=\"img-fluid\" src=\"https:\/\/prysmadmkt.com\/wp-content\/themes\/prysmadmkt\/images\/feature\/07.png\" alt=\"Clasificaci\u00f3n de palabras clave\"\/>\n                <\/div>\n                <div class=\"featured-title flex-grow-1\">\n                  <h4>Clasificaci\u00f3n de palabras clave<\/h4>\n                <\/div>\n              <\/div>\n              <div class=\"featured-desc\">\n                <p>Controle sus clasificaciones de palabras clave y haga un seguimiento de su progreso con nuestros servicios de clasificaci\u00f3n de palabras clave. Brindamos informes y perspectivas peri\u00f3dicas para ayudarlo a comprender su rendimiento de b\u00fasqueda y tomar decisiones informadas. <\/p>\n              <\/div>\n            <\/div>\n          <\/div>\n        <\/div>\n","protected":false},"excerpt":{"rendered":"<p>Aumente su visibilidad en l\u00ednea Genere tr\u00e1fico org\u00e1nico con nuestras soluciones integrales de servicios de SEO. Desde auditor\u00edas hasta construcci\u00f3n de enlaces, implementamos t\u00e1cticas comprobadas para mejorar su clasificaci\u00f3n de b\u00fasqueda y aumentar su presencia en l\u00ednea. Nuestro enfoque de SEO es todo menos com\u00fan. Combinamos t\u00e9cnicas de vanguardia con informaci\u00f3n basada en datos para [&hellip;]<\/p>\n","protected":false},"author":1,"featured_media":550,"parent":0,"menu_order":0,"comment_status":"closed","ping_status":"closed","template":"page-services.php","meta":{"_acf_changed":false,"footnotes":""},"class_list":["post-251","page","type-page","status-publish","has-post-thumbnail","hentry"],"acf":[],"aioseo_notices":[],"_links":{"self":[{"href":"https:\/\/prysmadmkt.com\/es\/wp-json\/wp\/v2\/pages\/251","targetHints":{"allow":["GET"]}}],"collection":[{"href":"https:\/\/prysmadmkt.com\/es\/wp-json\/wp\/v2\/pages"}],"about":[{"href":"https:\/\/prysmadmkt.com\/es\/wp-json\/wp\/v2\/types\/page"}],"author":[{"embeddable":true,"href":"https:\/\/prysmadmkt.com\/es\/wp-json\/wp\/v2\/users\/1"}],"replies":[{"embeddable":true,"href":"https:\/\/prysmadmkt.com\/es\/wp-json\/wp\/v2\/comments?post=251"}],"version-history":[{"count":4,"href":"https:\/\/prysmadmkt.com\/es\/wp-json\/wp\/v2\/pages\/251\/revisions"}],"predecessor-version":[{"id":1031,"href":"https:\/\/prysmadmkt.com\/es\/wp-json\/wp\/v2\/pages\/251\/revisions\/1031"}],"wp:featuredmedia":[{"embeddable":true,"href":"https:\/\/prysmadmkt.com\/es\/wp-json\/wp\/v2\/media\/550"}],"wp:attachment":[{"href":"https:\/\/prysmadmkt.com\/es\/wp-json\/wp\/v2\/media?parent=251"}],"curies":[{"name":"wp","href":"https:\/\/api.w.org\/{rel}","templated":true}]}}