{"id":250,"date":"2024-02-06T14:11:31","date_gmt":"2024-02-06T19:11:31","guid":{"rendered":"https:\/\/prysmadmkt.com\/sem\/"},"modified":"2024-09-09T18:52:52","modified_gmt":"2024-09-09T23:52:52","slug":"servicios-sem","status":"publish","type":"page","link":"https:\/\/prysmadmkt.com\/es\/servicios-sem\/","title":{"rendered":"Servicios SEM"},"content":{"rendered":"\n<h3 class=\"wp-block-heading\">Maximice sus esfuerzos de publicidad en l\u00ednea<\/h3>\n\n<p class=\"ht-first-letter\">Nuestras campa\u00f1as de PPC est\u00e1n dise\u00f1adas para dirigirse a la audiencia adecuada en el momento adecuado, generando clientes potenciales calificados y brindando resultados mensurables para su negocio.<\/p>\n\n<p>Nuestro enfoque SEM no tiene comparaci\u00f3n. Creamos campa\u00f1as de PPC espec\u00edficas que llegan con precisi\u00f3n a su audiencia, generando oportunidades de venta de calidad y brindando un retorno de la inversi\u00f3n medible. Con precisi\u00f3n estrat\u00e9gica y conocimientos basados en datos, elevamos sus esfuerzos de publicidad en l\u00ednea para lograr el m\u00e1ximo impacto.  <\/p>\n\n<div class=\"row mt-5\">\n          <div class=\"col-md-6\">\n            <ul class=\"list-unstyled list-icon style-2\">\n              <li>\n                <i class=\"flaticon flaticon-check-mark\"><\/i>Aumente el tr\u00e1fico de su sitio web, aumente las conversiones y maximice el ROI. <\/li>\n              <li>\n                <i class=\"flaticon flaticon-check-mark\"><\/i>Cree campa\u00f1as de PPC dirigidas a la audiencia adecuada. <\/li>\n              <li>\n                <i class=\"flaticon flaticon-check-mark\"><\/i>Genere clientes potenciales calificados y obtenga resultados medibles. <\/li>\n              <li>\n                <i class=\"flaticon flaticon-check-mark\"><\/i>Eval\u00fae las cuentas SEM existentes con auditor\u00edas integrales. <\/li>\n              <li>\n                <i class=\"flaticon flaticon-check-mark\"><\/i>Identificar \u00e1reas de mejora y maximizar el ROI <\/li>\n              <li>\n            <\/li><\/ul>\n          <\/div>\n          <div class=\"col-md-6 mt-3 mt-md-0\">\n            <ul class=\"list-unstyled list-icon style-2\">\n              <li>\n                <i class=\"flaticon flaticon-check-mark\"><\/i>Comprender la audiencia, los competidores y el panorama del mercado. <\/li>\n              <li>\n                <i class=\"flaticon flaticon-check-mark\"><\/i>Realice una investigaci\u00f3n en profundidad para descubrir informaci\u00f3n valiosa. <\/li>\n              <li>\n                <i class=\"flaticon flaticon-check-mark\"><\/i>Llegue a su p\u00fablico objetivo de manera eficaz con publicidad PPC. <\/li>\n              <li>\n                <i class=\"flaticon flaticon-check-mark\"><\/i>Gestione campa\u00f1as en plataformas como Google Ads. <\/li>\n            <\/ul>\n          <\/div>\n        <\/div>\n\n<div class=\"row my-7\">\n          <div class=\"col-md-6\">\n            <div class=\"featured-item style-2\">\n              <div class=\"featured-item-top d-sm-flex align-items-center\">\n                <div class=\"featured-icon flex-shrink-0\">\n                  <img loading=\"lazy\" decoding=\"async\" width=\"104\" height=\"78\" class=\"img-fluid\" src=\"https:\/\/prysmadmkt.com\/wp-content\/themes\/prysmadmkt\/images\/feature\/01.png\" alt=\"Descubrimiento\"\/>\n                <\/div>\n                <div class=\"featured-title flex-grow-1\">\n                  <h4>Descubrimiento<\/h4>\n                <\/div>\n              <\/div>\n              <div class=\"featured-desc\">\n                <p>Comprenda a su audiencia, a sus competidores y al panorama del mercado con nuestros servicios de descubrimiento. Realizamos investigaciones exhaustivas para descubrir informaci\u00f3n valiosa que sirva de base para su estrategia de SEM y genere resultados. <\/p>\n              <\/div>\n            <\/div>\n          <\/div><div class=\"col-md-6 mt-5 mt-md-0\">\n            <div class=\"featured-item style-2\">\n              <div class=\"featured-item-top d-sm-flex align-items-center\">\n                <div class=\"featured-icon flex-shrink-0\">\n                  <img loading=\"lazy\" decoding=\"async\" width=\"104\" height=\"78\" class=\"img-fluid\" src=\"https:\/\/prysmadmkt.com\/wp-content\/themes\/prysmadmkt\/images\/feature\/04.png\" alt=\"Auditor\u00eda de cuentas\"\/>\n                <\/div>\n                <div class=\"featured-title flex-grow-1\">\n                  <h4>Auditor\u00eda de cuentas<\/h4>\n                <\/div>\n              <\/div>\n              <div class=\"featured-desc\">\n                <p>Eval\u00fae y optimice sus cuentas de SEM existentes con nuestros servicios de auditor\u00eda integrales. Nuestros expertos identifican \u00e1reas de mejora y desarrollan estrategias para maximizar su rendimiento y retorno de inversi\u00f3n. <\/p>\n              <\/div>\n            <\/div>\n          <\/div><div class=\"col-md-6 mt-5\">\n            <div class=\"featured-item style-2\">\n              <div class=\"featured-item-top d-sm-flex align-items-center\">\n                <div class=\"featured-icon flex-shrink-0\">\n                  <img loading=\"lazy\" decoding=\"async\" width=\"104\" height=\"78\" class=\"img-fluid\" src=\"https:\/\/prysmadmkt.com\/wp-content\/themes\/prysmadmkt\/images\/feature\/02.png\" alt=\"Anuncios de Google\"\/>\n                <\/div>\n                <div class=\"featured-title flex-grow-1\">\n                  <h4>Anuncios de Google<\/h4>\n                <\/div>\n              <\/div>\n              <div class=\"featured-desc\">\n                <p>Potencie su presencia en l\u00ednea con nuestra experiencia en Google Ads. Nuestras campa\u00f1as dirigidas generan clientes potenciales y ofrecen resultados medibles. Las auditor\u00edas de cuentas, el descubrimiento estrat\u00e9gico y la gesti\u00f3n experta de PPC garantizan un retorno de la inversi\u00f3n \u00f3ptimo para su negocio.  <\/p>\n              <\/div>\n            <\/div>\n          <\/div>\n          <div class=\"col-md-6 mt-5\">\n            <div class=\"featured-item style-2\">\n              <div class=\"featured-item-top d-sm-flex align-items-center\">\n                <div class=\"featured-icon flex-shrink-0\">\n                  <img loading=\"lazy\" decoding=\"async\" width=\"104\" height=\"78\" class=\"img-fluid\" src=\"https:\/\/prysmadmkt.com\/wp-content\/themes\/prysmadmkt\/images\/feature\/05.png\" alt=\"Pago por clic\"\/>\n                <\/div>\n                <div class=\"featured-title flex-grow-1\">\n                  <h4>PPC<\/h4>\n                <\/div>\n              <\/div>\n              <div class=\"featured-desc\">\n                <p>Llegue a su p\u00fablico objetivo de manera eficaz con publicidad PPC. Nuestros expertos crean y gestionan campa\u00f1as en varias plataformas, incluidas Google Ads y Bing Ads, para generar tr\u00e1fico en el sitio web, aumentar las conversiones y maximizar el retorno de la inversi\u00f3n. <\/p>\n              <\/div>\n            <\/div>\n          <\/div>\n        <\/div>\n","protected":false},"excerpt":{"rendered":"<p>Maximice sus esfuerzos de publicidad en l\u00ednea Nuestras campa\u00f1as de PPC est\u00e1n dise\u00f1adas para dirigirse a la audiencia adecuada en el momento adecuado, generando clientes potenciales calificados y brindando resultados mensurables para su negocio. Nuestro enfoque SEM no tiene comparaci\u00f3n. Creamos campa\u00f1as de PPC espec\u00edficas que llegan con precisi\u00f3n a su audiencia, generando oportunidades de [&hellip;]<\/p>\n","protected":false},"author":1,"featured_media":748,"parent":0,"menu_order":0,"comment_status":"closed","ping_status":"closed","template":"page-services.php","meta":{"_acf_changed":false,"footnotes":""},"class_list":["post-250","page","type-page","status-publish","has-post-thumbnail","hentry"],"acf":[],"aioseo_notices":[],"_links":{"self":[{"href":"https:\/\/prysmadmkt.com\/es\/wp-json\/wp\/v2\/pages\/250","targetHints":{"allow":["GET"]}}],"collection":[{"href":"https:\/\/prysmadmkt.com\/es\/wp-json\/wp\/v2\/pages"}],"about":[{"href":"https:\/\/prysmadmkt.com\/es\/wp-json\/wp\/v2\/types\/page"}],"author":[{"embeddable":true,"href":"https:\/\/prysmadmkt.com\/es\/wp-json\/wp\/v2\/users\/1"}],"replies":[{"embeddable":true,"href":"https:\/\/prysmadmkt.com\/es\/wp-json\/wp\/v2\/comments?post=250"}],"version-history":[{"count":2,"href":"https:\/\/prysmadmkt.com\/es\/wp-json\/wp\/v2\/pages\/250\/revisions"}],"predecessor-version":[{"id":1033,"href":"https:\/\/prysmadmkt.com\/es\/wp-json\/wp\/v2\/pages\/250\/revisions\/1033"}],"wp:featuredmedia":[{"embeddable":true,"href":"https:\/\/prysmadmkt.com\/es\/wp-json\/wp\/v2\/media\/748"}],"wp:attachment":[{"href":"https:\/\/prysmadmkt.com\/es\/wp-json\/wp\/v2\/media?parent=250"}],"curies":[{"name":"wp","href":"https:\/\/api.w.org\/{rel}","templated":true}]}}